{"id":249,"date":"2026-03-30T08:57:10","date_gmt":"2026-03-30T08:57:10","guid":{"rendered":"http:\/\/ptzznxz.cluster100.hosting.ovh.net\/?page_id=249"},"modified":"2026-04-24T06:14:08","modified_gmt":"2026-04-24T06:14:08","slug":"inscription","status":"publish","type":"page","link":"https:\/\/scgtgymentretien.fr\/index.php\/inscription\/","title":{"rendered":"INSCRIPTION \/ FAQ"},"content":{"rendered":"<div class=\"wpb-content-wrapper\"><p>[vc_row][vc_column css=\u00a0\u00bb.vc_custom_1774864078215{margin-top: 30px !important;}\u00a0\u00bb]<h3 class=\"box-header\">BULLETIN D&rsquo;INSCRIPTION<\/h3>[vc_column_text css=\u00a0\u00bb\u00a0\u00bb]<a href=\"http:\/\/ptzznxz.cluster100.hosting.ovh.net\/wp-content\/uploads\/2026\/03\/2024-2025-Infos-Inscription-et-tarifs-SCGT-Gym-Entr-et-Fitness-1-1.pdf\">T\u00e9l\u00e9charger le bulletin d&rsquo;inscription pour l&rsquo;ann\u00e9e 2025\/2026 en cliquant ici<\/a>.[\/vc_column_text]<h3 class=\"box-header\">F.A.Q<\/h3>[vc_column_text css=\u00a0\u00bb.vc_custom_1777011179307{margin-top: 30px !important;}\u00a0\u00bb]<\/p>\n<h3 data-section-id=\"1wmw6z5\" data-start=\"67\" data-end=\"113\">1. Qui peut s\u2019inscrire \u00e0 l\u2019association ?<\/h3>\n<p data-start=\"114\" data-end=\"251\">Tout le monde peut s\u2019inscrire, \u00e0 partir de 14 ans. Nous proposons des activit\u00e9s adapt\u00e9es \u00e0 tout les niveaux.<\/p>\n<h3 data-section-id=\"1wmw6z5\" data-start=\"67\" data-end=\"113\">2. Quel est le prix de l&rsquo;inscription ?<\/h3>\n<p data-start=\"114\" data-end=\"251\">La grille tarifaire est indiqu\u00e9 dans le <a href=\"http:\/\/ptzznxz.cluster100.hosting.ovh.net\/index.php\/inscription\/\">bulletin d&rsquo;inscription<\/a>.<\/p>\n<h3 data-section-id=\"1rvyrdq\" data-start=\"452\" data-end=\"498\">3. Quels sont les horaires des s\u00e9ances ?<\/h3>\n<p data-start=\"499\" data-end=\"611\">Les s\u00e9ances ont lieu en semaine. Les horaires sont communiqu\u00e9s en d\u00e9but de saison et sont disponible toute l&rsquo;ann\u00e9e sur la page <a href=\"http:\/\/ptzznxz.cluster100.hosting.ovh.net\/index.php\/cours\/\">des cours<\/a>.<\/p>\n<h3 data-section-id=\"19yh553\" data-start=\"258\" data-end=\"303\">4. Quels types de cours sont propos\u00e9s ?<\/h3>\n<p>Travail profond des muscles posturaux, renforcement musculaire adapt\u00e9 et progressif et l&rsquo;am\u00e9lioration de la souplesse, de la mobilit\u00e9 et de la posture.<\/p>\n<h3 data-section-id=\"1lcz8qx\" data-start=\"618\" data-end=\"666\">5. Faut-il fournir un certificat m\u00e9dical ?<\/h3>\n<p data-start=\"667\" data-end=\"788\">Oui, une attestation de sant\u00e9 est demand\u00e9e pour valider l\u2019inscription et garantir la pratique en toute s\u00e9curit\u00e9. Vous pouvez la t\u00e9l\u00e9charger sur notre site ( avec le bulletin d&rsquo;inscription).<\/p>\n<h3 data-section-id=\"11ycy4b\" data-start=\"795\" data-end=\"841\">6. Que faut-il apporter pour les cours ?<\/h3>\n<p data-start=\"842\" data-end=\"954\">Une tenue de sport confortable ainsi que des chaussures propres, une serviette \u00e9ponge pour les tapis et d\u2019une bouteille d\u2019eau pour vous hydrater entre les exercices.<\/p>\n<h3 data-section-id=\"11ycy4b\" data-start=\"795\" data-end=\"841\">7. Comment \u00eatre inform\u00e9 en cas d&rsquo;absence d&rsquo;un professeur ?<\/h3>\n<p data-start=\"842\" data-end=\"954\">Nous vous informerons par whatsapp, mail et par le biais de ce pr\u00e9sent site. Il nous est donc important de conna\u00eetre avec pr\u00e9cision votre adresse mail ainsi que votre num\u00e9ro de t\u00e9l\u00e9phone portable, sans quoi, nous ne pourrons vous contacter.<\/p>\n<h3 data-section-id=\"11ycy4b\" data-start=\"795\" data-end=\"841\">8. J&rsquo;ai rat\u00e9 un cour, puis-je le rattraper ?<\/h3>\n<p data-start=\"842\" data-end=\"954\">On demande aux \u00e9l\u00e8ves de respecter leur planning pendant la 1ere partie de saison.\u00a0 Les r\u00e9cup\u00e9rations des cours pourront se faire sur la 2\u00e9me partie de saison ( Apr\u00e8s janvier) avec n\u2019importe quel professeur et sans d\u00e9passer 2 heures par semaine, ceci afin de ne pas perturber les autres cours et d\u2019\u00e9viter les abus.<\/p>\n<h3 data-section-id=\"11ycy4b\" data-start=\"795\" data-end=\"841\">9. Est-il possible de se faire rembourser ?<\/h3>\n<p>L\u2019association s\u2019engage \u00e0 effectuer un remboursement de la cotisation si dans le mois qui suit l\u2019inscription l\u2019\u00e9l\u00e8ve d\u00e9cide de mettre fin \u00e0 son adh\u00e9sion.<\/p>\n<p style=\"color: red;\">Attention: Dans le cas de blessure ou autre vous emp\u00eachant de continuer la pratique de sport un certificat m\u00e9dical vous sera demand\u00e9 afin de prendre une d\u00e9cision sur un potentiel remboursement.\u00a0 Nous vous remercions pour votre compr\u00e9hension.<\/p>\n<p>[\/vc_column_text][\/vc_column][vc_column][\/vc_column][\/vc_row]<\/p>\n<\/div>","protected":false},"excerpt":{"rendered":"<p>[vc_row][vc_column css=\u00a0\u00bb.vc_custom_1774864078215{margin-top: 30px !important;}\u00a0\u00bb][vc_column_text css=\u00a0\u00bb\u00a0\u00bb]T\u00e9l\u00e9charger le bulletin d&rsquo;inscription pour l&rsquo;ann\u00e9e 2025\/2026 en cliquant ici.[\/vc_column_text][vc_column_text css=\u00a0\u00bb.vc_custom_1777011179307{margin-top: 30px !important;}\u00a0\u00bb] 1. Qui peut s\u2019inscrire \u00e0 l\u2019association ? Tout le monde peut s\u2019inscrire, \u00e0 partir de 14 ans. Nous proposons des activit\u00e9s adapt\u00e9es \u00e0 tout les niveaux. 2. Quel est le prix de l&rsquo;inscription ? La grille tarifaire est<\/p>\n","protected":false},"author":1,"featured_media":0,"parent":0,"menu_order":0,"comment_status":"closed","ping_status":"closed","template":"template-default-without-breadcrumbs.php","meta":{"footnotes":""},"class_list":["post-249","page","type-page","status-publish","hentry"],"_links":{"self":[{"href":"https:\/\/scgtgymentretien.fr\/index.php\/wp-json\/wp\/v2\/pages\/249","targetHints":{"allow":["GET"]}}],"collection":[{"href":"https:\/\/scgtgymentretien.fr\/index.php\/wp-json\/wp\/v2\/pages"}],"about":[{"href":"https:\/\/scgtgymentretien.fr\/index.php\/wp-json\/wp\/v2\/types\/page"}],"author":[{"embeddable":true,"href":"https:\/\/scgtgymentretien.fr\/index.php\/wp-json\/wp\/v2\/users\/1"}],"replies":[{"embeddable":true,"href":"https:\/\/scgtgymentretien.fr\/index.php\/wp-json\/wp\/v2\/comments?post=249"}],"version-history":[{"count":35,"href":"https:\/\/scgtgymentretien.fr\/index.php\/wp-json\/wp\/v2\/pages\/249\/revisions"}],"predecessor-version":[{"id":381,"href":"https:\/\/scgtgymentretien.fr\/index.php\/wp-json\/wp\/v2\/pages\/249\/revisions\/381"}],"wp:attachment":[{"href":"https:\/\/scgtgymentretien.fr\/index.php\/wp-json\/wp\/v2\/media?parent=249"}],"curies":[{"name":"wp","href":"https:\/\/api.w.org\/{rel}","templated":true}]}}